{"id":493,"date":"2022-01-05T06:00:20","date_gmt":"2022-01-05T06:00:20","guid":{"rendered":"http:\/\/hommage-institut.de\/?page_id=493"},"modified":"2025-10-02T12:59:55","modified_gmt":"2025-10-02T12:59:55","slug":"praxis-cm-systemischefamilientherapie","status":"publish","type":"page","link":"https:\/\/hommage-institut.de\/psychologischepraxis\/praxis-cm-systemischefamilientherapie","title":{"rendered":"praxis cm"},"content":{"rendered":"<p>[et_pb_section fb_built=&#8220;1&#8243; admin_label=&#8220;Hero Section&#8220; _builder_version=&#8220;4.16&#8243; use_background_color_gradient=&#8220;on&#8220; background_color_gradient_type=&#8220;circular&#8220; background_color_gradient_stops=&#8220;rgba(22,0,1,0.67) 0%|rgba(10,0,0,0.18) 49%&#8220; background_color_gradient_overlays_image=&#8220;on&#8220; background_color_gradient_start=&#8220;rgba(22,0,1,0.67)&#8220; background_color_gradient_end=&#8220;rgba(10,0,0,0.18)&#8220; background_color_gradient_end_position=&#8220;49%&#8220; background_image=&#8220;http:\/\/hommage-institut.de\/wp-content\/uploads\/2022\/01\/Praxis-Bild-scaled.jpg&#8220; custom_padding=&#8220;10%||10%|||&#8220; global_colors_info=&#8220;{}&#8220;][et_pb_row _builder_version=&#8220;4.16&#8243; _module_preset=&#8220;default&#8220; global_colors_info=&#8220;{}&#8220;][et_pb_column type=&#8220;4_4&#8243; _builder_version=&#8220;4.16&#8243; _module_preset=&#8220;default&#8220; global_colors_info=&#8220;{}&#8220;][et_pb_text _builder_version=&#8220;4.16&#8243; _module_preset=&#8220;default&#8220; text_font=&#8220;Open Sans|300|||||||&#8220; text_text_color=&#8220;gcid-d5c0fb59-e40b-4c01-a4d5-5616d357597d&#8220; text_font_size=&#8220;65px&#8220; text_letter_spacing=&#8220;5px&#8220; text_orientation=&#8220;center&#8220; custom_margin=&#8220;8px||-35px||false|false&#8220; animation_style=&#8220;fade&#8220; animation_duration=&#8220;1650ms&#8220; text_font_size_tablet=&#8220;52px&#8220; text_font_size_phone=&#8220;32px&#8220; text_font_size_last_edited=&#8220;on|phone&#8220; global_colors_info=&#8220;{%22gcid-d5c0fb59-e40b-4c01-a4d5-5616d357597d%22:%91%22text_text_color%22%93}&#8220;]<\/p>\n<p>christoph m\u00fcller<\/p>\n<p>[\/et_pb_text][et_pb_text _builder_version=&#8220;4.16&#8243; _module_preset=&#8220;default&#8220; text_font=&#8220;||||||||&#8220; text_text_color=&#8220;#0676a3&#8243; text_font_size=&#8220;30px&#8220; text_letter_spacing=&#8220;3px&#8220; text_orientation=&#8220;center&#8220; background_layout=&#8220;dark&#8220; min_height=&#8220;49px&#8220; custom_margin=&#8220;70px||||false|false&#8220; custom_padding=&#8220;4px|||||&#8220; animation_style=&#8220;fade&#8220; animation_duration=&#8220;1700ms&#8220; animation_delay=&#8220;1050ms&#8220; text_font_size_tablet=&#8220;20px&#8220; text_font_size_phone=&#8220;18px&#8220; text_font_size_last_edited=&#8220;on|phone&#8220; global_colors_info=&#8220;{}&#8220;]<\/p>\n<p>praxis f\u00fcr systemische therapie<\/p>\n<p>[\/et_pb_text][\/et_pb_column][\/et_pb_row][\/et_pb_section][et_pb_section fb_built=&#8220;1&#8243; admin_label=&#8220;About Section&#8220; _builder_version=&#8220;4.16&#8243; background_color=&#8220;#efe9e4&#8243; custom_padding=&#8220;0px||0px||false|false&#8220; global_colors_info=&#8220;{}&#8220;][et_pb_row column_structure=&#8220;1_3,1_3,1_3&#8243; use_custom_gutter=&#8220;on&#8220; gutter_width=&#8220;0&#8243; make_equal=&#8220;on&#8220; admin_label=&#8220;About Area&#8220; _builder_version=&#8220;4.27.0&#8243; width=&#8220;100%&#8220; max_width=&#8220;100%&#8220; custom_margin=&#8220;|auto|-24px|auto|false|false&#8220; custom_padding=&#8220;0px||0px|&#8220; use_custom_width=&#8220;on&#8220; width_unit=&#8220;off&#8220; custom_width_percent=&#8220;100%&#8220; global_colors_info=&#8220;{}&#8220;][et_pb_column type=&#8220;1_3&#8243; _builder_version=&#8220;4.27.0&#8243; background_color=&#8220;#D6D6D6&#8243; custom_padding=&#8220;10%|5%|10%|5%&#8220; global_colors_info=&#8220;{}&#8220; custom_padding__hover=&#8220;|||&#8220;][et_pb_text _builder_version=&#8220;4.16&#8243; _module_preset=&#8220;default&#8220; text_font=&#8220;|300|||||||&#8220; text_text_color=&#8220;#0e7d93&#8243; text_font_size=&#8220;45px&#8220; custom_margin=&#8220;0px||||false|false&#8220; global_colors_info=&#8220;{}&#8220;]<\/p>\n<p style=\"text-align: right;\">vita<\/p>\n<p>[\/et_pb_text][et_pb_text _builder_version=&#8220;4.27.0&#8243; _module_preset=&#8220;default&#8220; text_text_color=&#8220;#474747&#8243; text_font_size=&#8220;19px&#8220; custom_margin=&#8220;127px||||false|false&#8220; global_colors_info=&#8220;{}&#8220;]<\/p>\n<p style=\"text-align: right;\">Christoph M\u00fcller, Jahrgang 1960,<\/p>\n<p style=\"text-align: right;\">studierte Theologie und Musik in Hamburg, Berlin und Basel<\/p>\n<p style=\"text-align: right;\">Ausbildung in systemischer Familientherapie, Gestaltherapie, K\u00f6rpertherapie und Transaktionsanalyse<\/p>\n<p style=\"text-align: right;\">2006 Gr\u00fcndung \u00a0des Hommage-Instituts f\u00fcr systemische Entwicklung und Psychosomatik mit Ausbildungbetrieb und eigener Praxis<\/p>\n<p style=\"text-align: right;\">Schwerpunkt Arbeit mit Pflegefamilien als Supervisor, Berater, Dozent bei den Jugend\u00e4mtern Mannheim, Ludwigshafen, Bad D\u00fcrkheim, Neustadt, Landau, Kaiserslautern, Pirmasens, Kusel, Alzey, Mainz, Kirchheimbolanden<\/p>\n<p style=\"text-align: right;\">Dozent f\u00fcr systemische Verfahren an verschiedenen Bildungsinstituten u.a. Paracelsus Schulen in Mannheim, Frankfurt und Mainz<\/p>\n<p style=\"text-align: right;\">[\/et_pb_text][\/et_pb_column][et_pb_column type=&#8220;1_3&#8243; _builder_version=&#8220;4.16&#8243; background_color=&#8220;#363f3d&#8220; custom_padding=&#8220;10%|5%|10%|5%&#8220; global_colors_info=&#8220;{}&#8220; custom_padding__hover=&#8220;|||&#8220;][et_pb_text _builder_version=&#8220;4.16&#8243; _module_preset=&#8220;default&#8220; text_font=&#8220;Open Sans|300|||||||&#8220; text_text_color=&#8220;#8e8e8e&#8220; text_font_size=&#8220;40px&#8220; custom_margin=&#8220;0px||0px||false|false&#8220; custom_padding=&#8220;0px||||false|false&#8220; global_colors_info=&#8220;{}&#8220;]<\/p>\n<p style=\"text-align: center;\">christoph m\u00fcller<\/p>\n<p>[\/et_pb_text][et_pb_image src=&#8220;https:\/\/hommage-institut.de\/wp-content\/uploads\/2025\/03\/Bildschirmfoto-2022-10-06-um-07.07.50-232&#215;300.webp&#8220; alt=&#8220;Christoph M\u00fcller &#8211; Systemischer Familientherapeut&#8220; title_text=&#8220;Christoph M\u00fcller&#8220; align=&#8220;center&#8220; _builder_version=&#8220;4.27.4&#8243; _module_preset=&#8220;default&#8220; width=&#8220;44%&#8220; max_width=&#8220;48%&#8220; custom_margin=&#8220;0px||0px||false|false&#8220; custom_padding=&#8220;85px||22px||false|false&#8220; border_radii=&#8220;on|10px|10px|10px|10px&#8220; box_shadow_style=&#8220;preset1&#8243; global_colors_info=&#8220;{}&#8220;][\/et_pb_image][et_pb_text _builder_version=&#8220;4.16&#8243; _module_preset=&#8220;default&#8220; text_font=&#8220;Open Sans|300|||||||&#8220; text_text_color=&#8220;#00d1d8&#8243; text_font_size=&#8220;20px&#8220; text_letter_spacing=&#8220;2px&#8220; custom_margin=&#8220;40px||0px||false|false&#8220; custom_padding=&#8220;||0px||false|false&#8220; global_colors_info=&#8220;{}&#8220;]<\/p>\n<p style=\"text-align: center;\">systemischer familientherapeut<\/p>\n<p style=\"text-align: center;\">supervisor<\/p>\n<p style=\"text-align: center;\">dozent f\u00fcr systemische verfahren<\/p>\n<p>[\/et_pb_text][\/et_pb_column][et_pb_column type=&#8220;1_3&#8243; _builder_version=&#8220;4.27.0&#8243; background_color=&#8220;#D6D6D6&#8243; custom_padding=&#8220;10%|5%|10%|5%&#8220; global_colors_info=&#8220;{}&#8220; custom_padding__hover=&#8220;|||&#8220;][et_pb_text _builder_version=&#8220;4.16&#8243; _module_preset=&#8220;default&#8220; text_font=&#8220;|300|||||||&#8220; text_text_color=&#8220;#0e7d93&#8243; text_font_size=&#8220;45px&#8220; custom_margin=&#8220;0px||||false|false&#8220; global_colors_info=&#8220;{}&#8220;]<\/p>\n<p>conditionen<\/p>\n<p>[\/et_pb_text][et_pb_text _builder_version=&#8220;4.27.0&#8243; _module_preset=&#8220;default&#8220; text_text_color=&#8220;#474747&#8243; text_font_size=&#8220;24px&#8220; custom_margin=&#8220;103px||||false|false&#8220; global_colors_info=&#8220;{}&#8220;]<\/p>\n<p>einzeltherapie<\/p>\n<p>paartherapie<\/p>\n<p>familientherapie<\/p>\n<p>supervision<\/p>\n<p>weiterbildung<\/p>\n<p>[\/et_pb_text][et_pb_text _builder_version=&#8220;4.27.4&#8243; _module_preset=&#8220;default&#8220; text_text_color=&#8220;#474747&#8243; text_font_size=&#8220;20px&#8220; custom_margin=&#8220;64px||-22px||false|false&#8220; global_colors_info=&#8220;{}&#8220;]<\/p>\n<p>Die Krankenkassen \u00fcbernehmen nur in seltenen F\u00e4llen die Kosten einer systemischen Therapie, dennoch lohnt sich eventuell eine Nachfrage.<\/p>\n<p>Die Kosten:<\/p>\n<p>Erstgepr\u00e4ch: 45 Minuten 40.-\u20ac<\/p>\n<p>Einzelsitzung: \u00a060 Minuten 60.- \u20ac<\/p>\n<p>Paartherapie: 60 Minuten 80.- \u20ac<\/p>\n<p>Familientherapie: Grundbetrag (2 Personen) f\u00fcr 60 Minuten 80.-\u20ac , jede weitere Person 10.-\u20ac pro 60 Minuten<\/p>\n<p>[\/et_pb_text][\/et_pb_column][\/et_pb_row][\/et_pb_section][et_pb_section fb_built=&#8220;1&#8243; admin_label=&#8220;Newsletter Section&#8220; _builder_version=&#8220;4.16&#8243; background_color=&#8220;#253033&#8243; min_height=&#8220;410px&#8220; custom_padding=&#8220;120px||120px|&#8220; global_colors_info=&#8220;{}&#8220;][et_pb_row admin_label=&#8220;Newsletter Area&#8220; _builder_version=&#8220;4.16&#8243; custom_padding=&#8220;||10px|&#8220; global_colors_info=&#8220;{}&#8220;][et_pb_column type=&#8220;4_4&#8243; _builder_version=&#8220;4.16&#8243; custom_padding=&#8220;|||&#8220; global_colors_info=&#8220;{}&#8220; custom_padding__hover=&#8220;|||&#8220;][et_pb_text _builder_version=&#8220;4.27.4&#8243; _module_preset=&#8220;default&#8220; text_text_color=&#8220;#bcbcbc&#8220; text_font_size=&#8220;21px&#8220; global_colors_info=&#8220;{}&#8220;]<\/p>\n<p style=\"text-align: center;\">Terminvereinbarung gerne telefonisch unter Mobil: 0176-666 288 66 Festnetz: 06359-947080 oder per Email<\/p>\n<p>[\/et_pb_text][\/et_pb_column][\/et_pb_row][et_pb_row column_structure=&#8220;1_4,1_2,1_4&#8243; admin_label=&#8220;Email Option Area&#8220; _builder_version=&#8220;4.16&#8243; custom_padding=&#8220;0px||0px|&#8220; global_colors_info=&#8220;{}&#8220;][et_pb_column type=&#8220;1_4&#8243; _builder_version=&#8220;4.16&#8243; custom_padding=&#8220;|||&#8220; global_colors_info=&#8220;{}&#8220; custom_padding__hover=&#8220;|||&#8220;][\/et_pb_column][et_pb_column type=&#8220;1_2&#8243; _builder_version=&#8220;4.16&#8243; custom_padding=&#8220;|||&#8220; global_colors_info=&#8220;{}&#8220; custom_padding__hover=&#8220;|||&#8220;][et_pb_button button_url=&#8220;http:\/\/hommage-institut.de\/christoph-mail\/&#8220; button_text=&#8220;Terminanfrage&#8220; button_alignment=&#8220;center&#8220; _builder_version=&#8220;4.27.4&#8243; _module_preset=&#8220;default&#8220; custom_button=&#8220;on&#8220; button_text_size=&#8220;20px&#8220; button_text_color=&#8220;#B3B3B3&#8243; button_bg_color=&#8220;#00669e&#8220; button_border_color=&#8220;#000000&#8243; button_border_radius=&#8220;14px&#8220; button_icon=&#8220;&#x49;||divi||400&#8243; background_layout=&#8220;dark&#8220; custom_margin=&#8220;64px||||false|false&#8220; hover_enabled=&#8220;0&#8243; global_colors_info=&#8220;{}&#8220; sticky_enabled=&#8220;0&#8243;][\/et_pb_button][\/et_pb_column][et_pb_column type=&#8220;1_4&#8243; _builder_version=&#8220;4.16&#8243; custom_padding=&#8220;|||&#8220; global_colors_info=&#8220;{}&#8220; custom_padding__hover=&#8220;|||&#8220;][\/et_pb_column][\/et_pb_row][et_pb_row _builder_version=&#8220;4.27.0&#8243; _module_preset=&#8220;default&#8220; global_colors_info=&#8220;{}&#8220;][et_pb_column type=&#8220;4_4&#8243; _builder_version=&#8220;4.27.0&#8243; _module_preset=&#8220;default&#8220; global_colors_info=&#8220;{}&#8220;][et_pb_post_nav _builder_version=&#8220;4.27.0&#8243; _module_preset=&#8220;default&#8220; title_font=&#8220;&#8211;et_global_body_font||||||||&#8220; title_text_color=&#8220;#E09900&#8243; title_font_size=&#8220;16px&#8220; global_colors_info=&#8220;{}&#8220;][\/et_pb_post_nav][\/et_pb_column][\/et_pb_row][\/et_pb_section][et_pb_section fb_built=&#8220;1&#8243; admin_label=&#8220;Newsletter Section&#8220; _builder_version=&#8220;4.16&#8243; background_color=&#8220;#1e1d1c&#8220; custom_padding=&#8220;120px||120px|&#8220; global_colors_info=&#8220;{}&#8220;][et_pb_row _builder_version=&#8220;4.27.4&#8243; _module_preset=&#8220;default&#8220; global_colors_info=&#8220;{}&#8220;][et_pb_column type=&#8220;4_4&#8243; _builder_version=&#8220;4.27.4&#8243; _module_preset=&#8220;default&#8220; global_colors_info=&#8220;{}&#8220;][et_pb_text _builder_version=&#8220;4.27.4&#8243; _module_preset=&#8220;default&#8220; text_font=&#8220;Poppins|600|||||||&#8220; text_text_color=&#8220;#FFFFFF&#8220; text_font_size=&#8220;22px&#8220; global_colors_info=&#8220;{}&#8220;]<\/p>\n<p style=\"text-align: center;\">Immer up to date sein<\/p>\n<p>[\/et_pb_text][et_pb_button button_url=&#8220;https:\/\/docs.dipali-bagga.de\/widget\/form\/aJrSmjCvXirvSB7gAlqI&#8220; url_new_window=&#8220;on&#8220; button_text=&#8220;Newsletter Anmeldung&#8220; button_alignment=&#8220;center&#8220; _builder_version=&#8220;4.27.4&#8243; _module_preset=&#8220;default&#8220; custom_button=&#8220;on&#8220; button_text_size=&#8220;18px&#8220; button_text_color=&#8220;#FFFFFF&#8220; button_bg_color=&#8220;#651906&#8243; button_border_width=&#8220;1px&#8220; button_border_color=&#8220;#E09900&#8243; button_border_radius=&#8220;5px&#8220; hover_enabled=&#8220;0&#8243; global_colors_info=&#8220;{}&#8220; sticky_enabled=&#8220;0&#8243;][\/et_pb_button][\/et_pb_column][\/et_pb_row][\/et_pb_section][et_pb_section fb_built=&#8220;1&#8243; admin_label=&#8220;Footer Section&#8220; _builder_version=&#8220;4.16&#8243; background_color=&#8220;#1e1d1c&#8220; min_height=&#8220;384.7px&#8220; custom_padding=&#8220;90px||90px|&#8220; global_colors_info=&#8220;{}&#8220;][et_pb_row column_structure=&#8220;1_4,1_4,1_4,1_4&#8243; admin_label=&#8220;Footer Area&#8220; _builder_version=&#8220;4.16&#8243; global_colors_info=&#8220;{}&#8220;][et_pb_column type=&#8220;1_4&#8243; _builder_version=&#8220;4.16&#8243; custom_padding=&#8220;|||&#8220; global_colors_info=&#8220;{}&#8220; custom_padding__hover=&#8220;|||&#8220;][et_pb_text ul_type=&#8220;none&#8220; admin_label=&#8220;Title&#8220; _builder_version=&#8220;4.27.4&#8243; text_font=&#8220;Poppins||||||||&#8220; text_text_color=&#8220;rgba(255,255,255,0.7)&#8220; text_font_size=&#8220;16px&#8220; text_line_height=&#8220;1.8em&#8220; ul_font=&#8220;Poppins||||||||&#8220; ul_text_align=&#8220;center&#8220; header_font=&#8220;||||||||&#8220; header_2_font=&#8220;Poppins||||||||&#8220; header_2_text_align=&#8220;center&#8220; header_2_font_size=&#8220;24px&#8220; header_2_line_height=&#8220;1.4em&#8220; text_orientation=&#8220;center&#8220; background_layout=&#8220;dark&#8220; custom_margin=&#8220;||15px|&#8220; custom_padding=&#8220;|||&#8220; animation_style=&#8220;fade&#8220; global_colors_info=&#8220;{}&#8220;]<\/p>\n<h2>adresse<\/h2>\n<p>Kleine Wust 2<\/p>\n<p>67280 Quirnheim<\/p>\n<p>mail institut: <span style=\"color: #ff9900;\"><a href=\"mailto:info@hommage-institut.de\" style=\"color: #ff9900;\">info@hommage-institut.de<\/a><\/span><\/p>\n<p>[\/et_pb_text][\/et_pb_column][et_pb_column type=&#8220;1_4&#8243; _builder_version=&#8220;4.16&#8243; custom_padding=&#8220;|||&#8220; global_colors_info=&#8220;{}&#8220; custom_padding__hover=&#8220;|||&#8220;][et_pb_text ul_type=&#8220;none&#8220; admin_label=&#8220;Title&#8220; _builder_version=&#8220;4.27.4&#8243; text_font=&#8220;Poppins||||||||&#8220; text_text_color=&#8220;rgba(255,255,255,0.7)&#8220; text_font_size=&#8220;16px&#8220; text_line_height=&#8220;1.8em&#8220; ul_font=&#8220;Poppins||||||||&#8220; ul_text_align=&#8220;center&#8220; header_font=&#8220;||||||||&#8220; header_2_font=&#8220;Poppins||||||||&#8220; header_2_text_align=&#8220;center&#8220; header_2_font_size=&#8220;24px&#8220; header_2_line_height=&#8220;1.4em&#8220; text_orientation=&#8220;center&#8220; background_layout=&#8220;dark&#8220; custom_margin=&#8220;||15px|&#8220; custom_padding=&#8220;|||&#8220; animation_style=&#8220;fade&#8220; global_colors_info=&#8220;{}&#8220;]<\/p>\n<h2 style=\"text-align: left;\">\u00a0 \u00a0 \u00a0 \u00a0 \u00a0 \u00a0email<\/h2>\n<p style=\"text-align: center;\">dipali : \u00a0 \u00a0<span style=\"color: #ff9900;\">\u00a0<a href=\"mailto:dipali@hommage-institut.de\" target=\"_blank\" rel=\"noopener\" style=\"color: #ff9900;\">dipali@hommage-institut.de<\/a><\/span><\/p>\n<p style=\"text-align: center;\">christoph : <span style=\"color: #ff9900;\"><a href=\"mailto:c.mueller@hommage-institut.de\" target=\"_blank\" rel=\"noopener\" style=\"color: #ff9900;\">c.mueller@hommage-institut.de<\/a><\/span><\/p>\n<p>[\/et_pb_text][\/et_pb_column][et_pb_column type=&#8220;1_4&#8243; _builder_version=&#8220;4.16&#8243; custom_padding=&#8220;|||&#8220; global_colors_info=&#8220;{}&#8220; custom_padding__hover=&#8220;|||&#8220;][et_pb_text ul_type=&#8220;none&#8220; disabled_on=&#8220;on|off|off&#8220; admin_label=&#8220;Title&#8220; _builder_version=&#8220;4.27.4&#8243; text_font=&#8220;Poppins||||||||&#8220; text_text_color=&#8220;rgba(255,255,255,0.7)&#8220; text_font_size=&#8220;16px&#8220; text_line_height=&#8220;1.8em&#8220; ul_font=&#8220;Poppins||||||||&#8220; ul_text_align=&#8220;center&#8220; header_font=&#8220;||||||||&#8220; header_2_font=&#8220;Poppins||||||||&#8220; header_2_text_align=&#8220;center&#8220; header_2_font_size=&#8220;24px&#8220; header_2_line_height=&#8220;1.4em&#8220; text_orientation=&#8220;center&#8220; background_layout=&#8220;dark&#8220; custom_margin=&#8220;||15px|&#8220; custom_padding=&#8220;|||&#8220; animation_style=&#8220;fade&#8220; global_colors_info=&#8220;{}&#8220;]<\/p>\n<h2>\u00a0 telefon<\/h2>\n<p>dipali: 0176 84468311<\/p>\n<p>christoph: 0176 66628866<\/p>\n<p>&nbsp;<\/p>\n<p style=\"text-align: center;\">[\/et_pb_text][et_pb_text disabled_on=&#8220;off|on|on&#8220; _builder_version=&#8220;4.27.4&#8243; _module_preset=&#8220;default&#8220; text_font=&#8220;&#8211;et_global_body_font||||||||&#8220; text_text_color=&#8220;#FFFFFF&#8220; text_font_size=&#8220;17px&#8220; text_orientation=&#8220;center&#8220; background_layout=&#8220;dark&#8220; global_colors_info=&#8220;{}&#8220;]<\/p>\n<p>dipali<\/p>\n<p>[\/et_pb_text][et_pb_button button_url=&#8220;tel:+4917684468311&#8243; button_text=&#8220; +49-176-84468311&#8243; button_alignment=&#8220;center&#8220; disabled_on=&#8220;off|on|on&#8220; _builder_version=&#8220;4.27.4&#8243; _module_preset=&#8220;default&#8220; custom_button=&#8220;on&#8220; button_text_size=&#8220;16px&#8220; button_text_color=&#8220;#E09900&#8243; button_border_width=&#8220;0px&#8220; background_layout=&#8220;dark&#8220; global_colors_info=&#8220;{}&#8220;][\/et_pb_button][et_pb_text disabled_on=&#8220;off|on|on&#8220; _builder_version=&#8220;4.27.4&#8243; _module_preset=&#8220;default&#8220; text_font=&#8220;&#8211;et_global_body_font||||||||&#8220; text_text_color=&#8220;#FFFFFF&#8220; text_font_size=&#8220;17px&#8220; text_orientation=&#8220;center&#8220; background_layout=&#8220;dark&#8220; global_colors_info=&#8220;{}&#8220;]<\/p>\n<p>christoph<\/p>\n<p>[\/et_pb_text][et_pb_button button_url=&#8220;tel:+4917666628866&#8243; button_text=&#8220; +49-176-66628866&#8243; button_alignment=&#8220;center&#8220; disabled_on=&#8220;off|on|on&#8220; _builder_version=&#8220;4.27.4&#8243; _module_preset=&#8220;default&#8220; custom_button=&#8220;on&#8220; button_text_size=&#8220;16px&#8220; button_text_color=&#8220;#E09900&#8243; button_border_width=&#8220;0px&#8220; background_layout=&#8220;dark&#8220; global_colors_info=&#8220;{}&#8220;][\/et_pb_button][\/et_pb_column][et_pb_column type=&#8220;1_4&#8243; _builder_version=&#8220;4.27.4&#8243; _module_preset=&#8220;default&#8220; global_colors_info=&#8220;{}&#8220;][et_pb_text ul_type=&#8220;none&#8220; admin_label=&#8220;Title&#8220; _builder_version=&#8220;4.16&#8243; text_font=&#8220;Open Sans||||||||&#8220; text_text_color=&#8220;#FFFFFF&#8220; text_font_size=&#8220;24px&#8220; text_line_height=&#8220;1.8em&#8220; ul_font=&#8220;Poppins||||||||&#8220; ul_text_align=&#8220;center&#8220; header_font=&#8220;||||||||&#8220; header_2_font=&#8220;Open Sans||||||||&#8220; header_2_text_align=&#8220;center&#8220; header_2_font_size=&#8220;24px&#8220; header_2_line_height=&#8220;1.4em&#8220; text_orientation=&#8220;center&#8220; background_layout=&#8220;dark&#8220; custom_margin=&#8220;||15px|&#8220; custom_padding=&#8220;|||&#8220; animation_style=&#8220;fade&#8220; link_option_url=&#8220;http:\/\/hommage-institut.de\/wp-content\/uploads\/2022\/01\/Hommage-Impressum.pdf&#8220; global_colors_info=&#8220;{}&#8220;]<\/p>\n<h2>impressum<\/h2>\n<p>&nbsp;<\/p>\n<p>[\/et_pb_text][et_pb_text _builder_version=&#8220;4.16&#8243; _module_preset=&#8220;default&#8220; text_text_color=&#8220;#FFFFFF&#8220; text_font_size=&#8220;23px&#8220; custom_margin=&#8220;-50px||||false|false&#8220; link_option_url=&#8220;http:\/\/hommage-institut.de\/wp-content\/uploads\/2022\/01\/Datenschutz-Hommage.pdf&#8220; global_colors_info=&#8220;{}&#8220;]<\/p>\n<p style=\"text-align: center;\">datenschutz<\/p>\n<p>[\/et_pb_text][\/et_pb_column][\/et_pb_row][\/et_pb_section][et_pb_section fb_built=&#8220;1&#8243; admin_label=&#8220;Divider Section&#8220; _builder_version=&#8220;4.16&#8243; background_color=&#8220;#1e1d1c&#8220; custom_padding=&#8220;0px||0px|&#8220; global_colors_info=&#8220;{}&#8220;][et_pb_row admin_label=&#8220;Divider Area&#8220; _builder_version=&#8220;4.16&#8243; custom_padding=&#8220;0px||0px|&#8220; global_colors_info=&#8220;{}&#8220;][et_pb_column type=&#8220;4_4&#8243; _builder_version=&#8220;4.16&#8243; custom_padding=&#8220;|||&#8220; global_colors_info=&#8220;{}&#8220; custom_padding__hover=&#8220;|||&#8220;][et_pb_divider color=&#8220;rgba(255,255,255,0.12)&#8220; divider_position=&#8220;center&#8220; _builder_version=&#8220;4.16&#8243; global_colors_info=&#8220;{}&#8220;][\/et_pb_divider][\/et_pb_column][\/et_pb_row][\/et_pb_section]<\/p>\n","protected":false},"excerpt":{"rendered":"<p>christoph m\u00fcllerpraxis f\u00fcr systemische therapievitaChristoph M\u00fcller, Jahrgang 1960, studierte Theologie und Musik in Hamburg, Berlin und Basel Ausbildung in systemischer Familientherapie, Gestaltherapie, K\u00f6rpertherapie und Transaktionsanalyse 2006 Gr\u00fcndung \u00a0des Hommage-Instituts f\u00fcr systemische Entwicklung und Psychosomatik mit Ausbildungbetrieb und eigener Praxis Schwerpunkt Arbeit mit Pflegefamilien als Supervisor, Berater, Dozent bei den Jugend\u00e4mtern Mannheim, Ludwigshafen, Bad D\u00fcrkheim, Neustadt, [&hellip;]<\/p>\n","protected":false},"author":1,"featured_media":0,"parent":0,"menu_order":0,"comment_status":"closed","ping_status":"closed","template":"","meta":{"_et_pb_use_builder":"on","_et_pb_old_content":"","_et_gb_content_width":"","footnotes":""},"class_list":["post-493","page","type-page","status-publish","hentry"],"_links":{"self":[{"href":"https:\/\/hommage-institut.de\/psychologischepraxis\/wp-json\/wp\/v2\/pages\/493","targetHints":{"allow":["GET"]}}],"collection":[{"href":"https:\/\/hommage-institut.de\/psychologischepraxis\/wp-json\/wp\/v2\/pages"}],"about":[{"href":"https:\/\/hommage-institut.de\/psychologischepraxis\/wp-json\/wp\/v2\/types\/page"}],"author":[{"embeddable":true,"href":"https:\/\/hommage-institut.de\/psychologischepraxis\/wp-json\/wp\/v2\/users\/1"}],"replies":[{"embeddable":true,"href":"https:\/\/hommage-institut.de\/psychologischepraxis\/wp-json\/wp\/v2\/comments?post=493"}],"version-history":[{"count":9,"href":"https:\/\/hommage-institut.de\/psychologischepraxis\/wp-json\/wp\/v2\/pages\/493\/revisions"}],"predecessor-version":[{"id":5768,"href":"https:\/\/hommage-institut.de\/psychologischepraxis\/wp-json\/wp\/v2\/pages\/493\/revisions\/5768"}],"wp:attachment":[{"href":"https:\/\/hommage-institut.de\/psychologischepraxis\/wp-json\/wp\/v2\/media?parent=493"}],"curies":[{"name":"wp","href":"https:\/\/api.w.org\/{rel}","templated":true}]}}